{"id":261,"date":"2026-04-24T10:14:07","date_gmt":"2026-04-24T08:14:07","guid":{"rendered":"https:\/\/compendion.net\/everyneedfulthing\/episodes"},"modified":"2026-04-24T10:14:07","modified_gmt":"2026-04-24T08:14:07","slug":"episodes","status":"publish","type":"page","link":"https:\/\/compendion.net\/everyneedfulthing\/episodes","title":{"rendered":"Episoden"},"content":{"rendered":"<div class=\"wp-block-group compendion-episode-index has-global-padding is-layout-constrained wp-block-group-is-layout-constrained\"><p class=\"compendion-kicker has-small-font-size\">Alle Episoden<\/p><h2 class=\"wp-block-heading\">Episoden<\/h2><p>Die neuesten ver\u00f6ffentlichten Podcast-Folgen dieser Website.<\/p><div class=\"wp-block-query compendion-episode-query is-layout-flow wp-block-query-is-layout-flow\"><ul class=\"compendion-episode-list wp-block-post-template is-layout-flow wp-block-post-template-is-layout-flow\"><li class=\"wp-block-post post-224 podcast type-podcast status-publish hentry post\"><div class=\"wp-block-group compendion-card compendion-episode-card has-global-padding is-layout-constrained wp-block-group-is-layout-constrained\"><div class=\"wp-block-post-date has-caption-font-size\"><time datetime=\"2021-12-24T06:00:00+02:00\">24. Dezember 2021<\/time><\/div><h2 class=\"wp-block-post-title has-large-font-size\"><a href=\"https:\/\/compendion.net\/everyneedfulthing\/compendion-2021\" target=\"_self\" >Compendion 2021<\/a><\/h2><div class=\"wp-block-post-excerpt\"><p class=\"wp-block-post-excerpt__excerpt\">Hey, dies ist mein Jahresr\u00fcckblick 2021 mit Danksagung, Top-Liste der Ver\u00f6ffentlichungszahlen und nat\u00fcrlich ein bisschen Werbung f\u00fcr all meine Podcastproduktionen. Ich m\u00f6chte mich in diesem Jahr f\u00fcr alle bisherigen Jahre und Podcasts bedanken, weil ich das noch nie auf diese Weise gemacht habe. Los geht\u2019s. Dankesch\u00f6n, Kai Daniel Du, dass du mit mir Platz 11.&hellip;<\/p><p class=\"wp-block-post-excerpt__more-text\"><a class=\"wp-block-post-excerpt__more-link\" href=\"https:\/\/compendion.net\/everyneedfulthing\/compendion-2021\">Zur Episode<\/a><\/p><\/div><\/div><\/li><li class=\"wp-block-post post-209 podcast type-podcast status-publish hentry tag-arne-ruddat tag-drucker tag-elektrisch tag-etiketten tag-every tag-gadget tag-geraet tag-kai-daniel-du tag-needful tag-thing tag-tool tag-werkzeug post\"><div class=\"wp-block-group compendion-card compendion-episode-card has-global-padding is-layout-constrained wp-block-group-is-layout-constrained\"><div class=\"wp-block-post-date has-caption-font-size\"><time datetime=\"2015-11-13T17:00:05+02:00\">13. November 2015<\/time><\/div><h2 class=\"wp-block-post-title has-large-font-size\"><a href=\"https:\/\/compendion.net\/everyneedfulthing\/s01e12\" target=\"_self\" >ENT s01e12 Dymo Letratag<\/a><\/h2><div class=\"wp-block-post-excerpt\"><p class=\"wp-block-post-excerpt__excerpt\">Ein Labelmaker! Macht Label! Dymo Letratag Letratag und Junior Aktionspaket<\/p><p class=\"wp-block-post-excerpt__more-text\"><a class=\"wp-block-post-excerpt__more-link\" href=\"https:\/\/compendion.net\/everyneedfulthing\/s01e12\">Zur Episode<\/a><\/p><\/div><\/div><\/li><li class=\"wp-block-post post-203 podcast type-podcast status-publish hentry tag-arne-ruddat tag-every tag-gadget tag-geraet tag-kai-daniel-du tag-needful tag-thing tag-tool tag-werkzeug post\"><div class=\"wp-block-group compendion-card compendion-episode-card has-global-padding is-layout-constrained wp-block-group-is-layout-constrained\"><div class=\"wp-block-post-date has-caption-font-size\"><time datetime=\"2015-11-06T17:00:23+02:00\">6. November 2015<\/time><\/div><h2 class=\"wp-block-post-title has-large-font-size\"><a href=\"https:\/\/compendion.net\/everyneedfulthing\/s01e11\" target=\"_self\" >ENT s01e11 Vollspektrum Tageslichtlampe<\/a><\/h2><div class=\"wp-block-post-excerpt\"><p class=\"wp-block-post-excerpt__excerpt\">Heute geht es um eine Tageslichtlampe. Die macht gute Laune und Licht!<\/p><p class=\"wp-block-post-excerpt__more-text\"><a class=\"wp-block-post-excerpt__more-link\" href=\"https:\/\/compendion.net\/everyneedfulthing\/s01e11\">Zur Episode<\/a><\/p><\/div><\/div><\/li><li class=\"wp-block-post post-207 podcast type-podcast status-publish hentry tag-arne-ruddat tag-every tag-foto tag-gadget tag-geraet tag-kai-daniel-du tag-needful tag-speicherkarte tag-thing tag-tool tag-werkzeug tag-wlan post\"><div class=\"wp-block-group compendion-card compendion-episode-card has-global-padding is-layout-constrained wp-block-group-is-layout-constrained\"><div class=\"wp-block-post-date has-caption-font-size\"><time datetime=\"2015-10-30T17:00:40+02:00\">30. Oktober 2015<\/time><\/div><h2 class=\"wp-block-post-title has-large-font-size\"><a href=\"https:\/\/compendion.net\/everyneedfulthing\/s01e10\" target=\"_self\" >ENT s01e10 Toshiba Flashair Speicherkarte<\/a><\/h2><div class=\"wp-block-post-excerpt\"><p class=\"wp-block-post-excerpt__excerpt\">Wer viel fotografiert und nicht dauernd mit der SD-Karte oder USB-Karten hantieren m\u00f6chte, kann die Toshiba FlashAir Speicherkarte* verwenden. Auf diese kann man \u00fcber WLAN zugreifen und Bilder und Filmdateien herunterladen. L\u00f6schen kann man die Aufnahmen allerdings nur, wenn man auf die Speicherkarte direkt \u00fcber einen Kartenleser zugreift.<\/p><p class=\"wp-block-post-excerpt__more-text\"><a class=\"wp-block-post-excerpt__more-link\" href=\"https:\/\/compendion.net\/everyneedfulthing\/s01e10\">Zur Episode<\/a><\/p><\/div><\/div><\/li><li class=\"wp-block-post post-201 podcast type-podcast status-publish hentry tag-arne-ruddat tag-every tag-gadget tag-geraet tag-kai-daniel-du tag-needful tag-thing tag-tool tag-werkzeug post\"><div class=\"wp-block-group compendion-card compendion-episode-card has-global-padding is-layout-constrained wp-block-group-is-layout-constrained\"><div class=\"wp-block-post-date has-caption-font-size\"><time datetime=\"2015-10-23T17:00:04+02:00\">23. Oktober 2015<\/time><\/div><h2 class=\"wp-block-post-title has-large-font-size\"><a href=\"https:\/\/compendion.net\/everyneedfulthing\/s01e09\" target=\"_self\" >ENT s01e09 Bodum Chambord Kaffeebereiter<\/a><\/h2><div class=\"wp-block-post-excerpt\"><p class=\"wp-block-post-excerpt__excerpt\">Hinto Manushi drehte sich um. Er h\u00e4tte den Wecker nicht so fr\u00fch stellen sollen. Es war noch so fr\u00fch! Noch beinahe dunkel. Doch das Umdrehen half nichts. Er \u00f6ffnete die Augen und blinzelte. Warum gleich war er gestern nicht fr\u00fcher ins Bett gegangen? Er hatte eine sch\u00f6ne Nacht gehabt, bis es passierte. Der Regen hatte&hellip;<\/p><p class=\"wp-block-post-excerpt__more-text\"><a class=\"wp-block-post-excerpt__more-link\" href=\"https:\/\/compendion.net\/everyneedfulthing\/s01e09\">Zur Episode<\/a><\/p><\/div><\/div><\/li><li class=\"wp-block-post post-197 podcast type-podcast status-publish hentry tag-arne-ruddat tag-every tag-gadget tag-geraet tag-kai-daniel-du tag-needful tag-thing tag-tool tag-werkzeug post\"><div class=\"wp-block-group compendion-card compendion-episode-card has-global-padding is-layout-constrained wp-block-group-is-layout-constrained\"><div class=\"wp-block-post-date has-caption-font-size\"><time datetime=\"2015-10-16T17:00:54+02:00\">16. Oktober 2015<\/time><\/div><h2 class=\"wp-block-post-title has-large-font-size\"><a href=\"https:\/\/compendion.net\/everyneedfulthing\/s01e08\" target=\"_self\" >ENT s01e08 Entsafter<\/a><\/h2><div class=\"wp-block-post-excerpt\"><p class=\"wp-block-post-excerpt__excerpt\">Frisch gemachte Obst- und Gem\u00fcses\u00e4fte sind lecker und gesund. Am leichtesten kann man sie mit einem Entsafter herstellen. Viele dieser Ger\u00e4te bestehen aber aus vielen Teilen und lassen sich nicht gut reinigen. Hier tut sich der Entsafter von Philips positiv hervor. Die drei Geh\u00e4useteile und der Metalleinsatz werden einfach \u00fcbereinandergestapelt und mit einem au\u00dfen liegenden&hellip;<\/p><p class=\"wp-block-post-excerpt__more-text\"><a class=\"wp-block-post-excerpt__more-link\" href=\"https:\/\/compendion.net\/everyneedfulthing\/s01e08\">Zur Episode<\/a><\/p><\/div><\/div><\/li><li class=\"wp-block-post post-191 podcast type-podcast status-publish hentry tag-arne-ruddat tag-every tag-gadget tag-geraet tag-kai-daniel-du tag-needful tag-thing tag-tool tag-werkzeug post\"><div class=\"wp-block-group compendion-card compendion-episode-card has-global-padding is-layout-constrained wp-block-group-is-layout-constrained\"><div class=\"wp-block-post-date has-caption-font-size\"><time datetime=\"2015-10-09T17:00:41+02:00\">9. Oktober 2015<\/time><\/div><h2 class=\"wp-block-post-title has-large-font-size\"><a href=\"https:\/\/compendion.net\/everyneedfulthing\/s01e07\" target=\"_self\" >ENT s01e07 Kellnermesser von Fackelmann<\/a><\/h2><div class=\"wp-block-post-excerpt\"><p class=\"wp-block-post-excerpt__excerpt\">Heute bei ENT: Ein &#8218;Kellnermesser&#8216; genannter Korken- und Kronkorken-Flaschen\u00f6ffner. Ein tolles Ger\u00e4t, durchdacht, mit Doppelhebel-System und unglaublich geringem Packma\u00df. Perfekt f\u00fcr jeden Haushalt, jeden Urlaub und jeden Abend am Strand. Wer mehr wissen will, h\u00f6rt einfach in die Folge.<\/p><p class=\"wp-block-post-excerpt__more-text\"><a class=\"wp-block-post-excerpt__more-link\" href=\"https:\/\/compendion.net\/everyneedfulthing\/s01e07\">Zur Episode<\/a><\/p><\/div><\/div><\/li><li class=\"wp-block-post post-186 podcast type-podcast status-publish hentry tag-arne-ruddat tag-camping tag-every tag-freizeit tag-gadget tag-geraet tag-kai-daniel-du tag-needful tag-thing tag-tool tag-werkzeug tag-zelt post\"><div class=\"wp-block-group compendion-card compendion-episode-card has-global-padding is-layout-constrained wp-block-group-is-layout-constrained\"><div class=\"wp-block-post-date has-caption-font-size\"><time datetime=\"2015-10-02T17:00:19+02:00\">2. Oktober 2015<\/time><\/div><h2 class=\"wp-block-post-title has-large-font-size\"><a href=\"https:\/\/compendion.net\/everyneedfulthing\/s01e06\" target=\"_self\" >ENT s01e06 Wurfzelt<\/a><\/h2><div class=\"wp-block-post-excerpt\"><p class=\"wp-block-post-excerpt__excerpt\">Wer schon mehr als einmal mit dem Zelt unterwegs war kennt die Situation: Gerade am Ziel angekommen, setzt leichter Nieselregen ein. Das w\u00e4re kein gro\u00dfes Problem, doch das Zelt ist noch sicher verwahrt im Gep\u00e4ck. In dieser Folge wollen wir \u00fcber einen praktischen Zelt-Typus sprechen: Das Wurfzelt.<\/p><p class=\"wp-block-post-excerpt__more-text\"><a class=\"wp-block-post-excerpt__more-link\" href=\"https:\/\/compendion.net\/everyneedfulthing\/s01e06\">Zur Episode<\/a><\/p><\/div><\/div><\/li><li class=\"wp-block-post post-183 podcast type-podcast status-publish hentry tag-arne-ruddat tag-every tag-gadget tag-geraet tag-kai-daniel-du tag-needful tag-thing tag-tool tag-werkzeug post\"><div class=\"wp-block-group compendion-card compendion-episode-card has-global-padding is-layout-constrained wp-block-group-is-layout-constrained\"><div class=\"wp-block-post-date has-caption-font-size\"><time datetime=\"2015-09-25T17:00:20+02:00\">25. September 2015<\/time><\/div><h2 class=\"wp-block-post-title has-large-font-size\"><a href=\"https:\/\/compendion.net\/everyneedfulthing\/s01e05\" target=\"_self\" >ENT s01e05 Xiaomi Mi Band<\/a><\/h2><div class=\"wp-block-post-excerpt\"><p class=\"wp-block-post-excerpt__excerpt\">Diesmal geht es um das Xiaomi Mi Band*, einen ultrag\u00fcnstigen Fitnesstracker. Wer, wie ich, gerne s\u00e4mtliche Daten \u00fcber sich sammelt und Statistiken \u00fcber den eigenen K\u00f6rper verfolgt, f\u00fcr den ist ein Fitness-Armband genau das richtige. Das Mi Band ist zwar nur einer der Kandidaten f\u00fcr diesen Zweck, aber mit sehr weitem Abstand auf Platz 1&hellip;<\/p><p class=\"wp-block-post-excerpt__more-text\"><a class=\"wp-block-post-excerpt__more-link\" href=\"https:\/\/compendion.net\/everyneedfulthing\/s01e05\">Zur Episode<\/a><\/p><\/div><\/div><\/li><li class=\"wp-block-post post-163 podcast type-podcast status-publish hentry tag-3d tag-arne-ruddat tag-brille tag-every tag-gadget tag-geraet tag-kai-daniel-du tag-needful tag-technik tag-thing tag-tool tag-werkzeug post\"><div class=\"wp-block-group compendion-card compendion-episode-card has-global-padding is-layout-constrained wp-block-group-is-layout-constrained\"><div class=\"wp-block-post-date has-caption-font-size\"><time datetime=\"2015-09-18T17:00:33+02:00\">18. September 2015<\/time><\/div><h2 class=\"wp-block-post-title has-large-font-size\"><a href=\"https:\/\/compendion.net\/everyneedfulthing\/s01e04\" target=\"_self\" >ENT s01e04 Google Cardboard<\/a><\/h2><div class=\"wp-block-post-excerpt\"><p class=\"wp-block-post-excerpt__excerpt\">In Episode vier geht es um ein lustiges Ding. Es verbindet auf charmante Art Low-Tech mit High-Tech: Die Rede ist vom Google Cardboard. Angeblich wollte ein gro\u00dfer Technologiekonzern etwas \u00e4hnliches als Produkt auf den Markt bringen. Dem ist das freundliche Tentakelmonster aber zuvorgekommen und hat Google Cardboard umsonst auf den Markt gebracht.<\/p><p class=\"wp-block-post-excerpt__more-text\"><a class=\"wp-block-post-excerpt__more-link\" href=\"https:\/\/compendion.net\/everyneedfulthing\/s01e04\">Zur Episode<\/a><\/p><\/div><\/div><\/li><li class=\"wp-block-post post-141 podcast type-podcast status-publish hentry tag-arne-ruddat tag-every tag-gadget tag-geraet tag-kai-daniel-du tag-needful tag-thing tag-tool tag-werkzeug post\"><div class=\"wp-block-group compendion-card compendion-episode-card has-global-padding is-layout-constrained wp-block-group-is-layout-constrained\"><div class=\"wp-block-post-date has-caption-font-size\"><time datetime=\"2015-09-11T17:00:25+02:00\">11. September 2015<\/time><\/div><h2 class=\"wp-block-post-title has-large-font-size\"><a href=\"https:\/\/compendion.net\/everyneedfulthing\/s01e03\" target=\"_self\" >ENT s01e03 Russell Hobbs Kaffeem\u00fchle<\/a><\/h2><div class=\"wp-block-post-excerpt\"><p class=\"wp-block-post-excerpt__excerpt\">Hinto Manushi drehte sich um. Er h\u00e4tte den Wecker nicht so fr\u00fch stellen sollen. Es war noch so fr\u00fch! Noch beinahe dunkel. Doch das Umdrehen half nichts. Er \u00f6ffnete die Augen und blinzelte. Warum nur war er gestern nicht fr\u00fcher ins Bett gegangen? Er hatte eine sch\u00f6ne Nacht gehabt, bis es passierte.<\/p><p class=\"wp-block-post-excerpt__more-text\"><a class=\"wp-block-post-excerpt__more-link\" href=\"https:\/\/compendion.net\/everyneedfulthing\/s01e03\">Zur Episode<\/a><\/p><\/div><\/div><\/li><li class=\"wp-block-post post-128 podcast type-podcast status-publish hentry tag-arne-ruddat tag-aroma tag-elektrisch tag-every tag-frisch tag-gadget tag-geraet tag-gewuerze tag-gewuerzmischung tag-kaffee tag-kai-daniel-du tag-kueche tag-muehle tag-needful tag-thing tag-tool tag-vanille tag-werkzeug post\"><div class=\"wp-block-group compendion-card compendion-episode-card has-global-padding is-layout-constrained wp-block-group-is-layout-constrained\"><div class=\"wp-block-post-date has-caption-font-size\"><time datetime=\"2015-09-04T17:00:08+02:00\">4. September 2015<\/time><\/div><h2 class=\"wp-block-post-title has-large-font-size\"><a href=\"https:\/\/compendion.net\/everyneedfulthing\/ent-s01e02-gewuerzmuehle\" target=\"_self\" >ENT s01e02 Gew\u00fcrzm\u00fchle<\/a><\/h2><div class=\"wp-block-post-excerpt\"><p class=\"wp-block-post-excerpt__excerpt\">Die Karcher UM620 Universalm\u00fchle, ein Ger\u00e4t f\u00fcr die K\u00fcche. Hier ist schon die zweite Episode Every Needful Thing! In dieser Folge drehen Arne und Kai den Spie\u00df um und Arne befragt Kai zu einem seiner Lieblingsspielzeuge. Heute geht es um ein elektrisches K\u00fcchenger\u00e4t, das f\u00fcr Freunde exotischer K\u00fcche, Grillmeister und alle anderen Arten von K\u00f6chen&hellip;<\/p><p class=\"wp-block-post-excerpt__more-text\"><a class=\"wp-block-post-excerpt__more-link\" href=\"https:\/\/compendion.net\/everyneedfulthing\/ent-s01e02-gewuerzmuehle\">Zur Episode<\/a><\/p><\/div><\/div><\/li><li class=\"wp-block-post post-107 podcast type-podcast status-publish hentry tag-arne-ruddat tag-every tag-gadget tag-geraet tag-gitarre tag-kai-daniel-du tag-locher tag-needful tag-pickmaster tag-plektren tag-plektrum tag-stanze tag-thing tag-tool tag-werkzeug post\"><div class=\"wp-block-group compendion-card compendion-episode-card has-global-padding is-layout-constrained wp-block-group-is-layout-constrained\"><div class=\"wp-block-post-date has-caption-font-size\"><time datetime=\"2015-08-28T17:00:22+02:00\">28. August 2015<\/time><\/div><h2 class=\"wp-block-post-title has-large-font-size\"><a href=\"https:\/\/compendion.net\/everyneedfulthing\/s01e01\" target=\"_self\" >ENT s01e01 Pickmaster<\/a><\/h2><div class=\"wp-block-post-excerpt\"><p class=\"wp-block-post-excerpt__excerpt\">Der Pickmaster\u2122, ein Ger\u00e4t f\u00fcr Gitarristen. Hallo und Herzlich Willkommen bei Every Needful Thing! Wir, das sind Kai Daniel Du und ich, Arne Ruddat, begr\u00fc\u00dfen euch ganz herzlich zu unserer ersten Folge dieses neuartigen Podcastkonzepts! Ich stelle euch heute ein Ger\u00e4t vor, das Gitarristen, Bassisten, experimentelle Lautenspieler, Musiklehrer und Roadies gleicherma\u00dfen begl\u00fccken k\u00f6nnte. Kurz gesagt:&hellip;<\/p><p class=\"wp-block-post-excerpt__more-text\"><a class=\"wp-block-post-excerpt__more-link\" href=\"https:\/\/compendion.net\/everyneedfulthing\/s01e01\">Zur Episode<\/a><\/p><\/div><\/div><\/li><li class=\"wp-block-post post-63 podcast type-podcast status-publish hentry tag-arne-ruddat tag-every tag-gadget tag-geraet tag-kai-daniel-du tag-needful tag-thing tag-tool tag-werkzeug post\"><div class=\"wp-block-group compendion-card compendion-episode-card has-global-padding is-layout-constrained wp-block-group-is-layout-constrained\"><div class=\"wp-block-post-date has-caption-font-size\"><time datetime=\"2015-07-24T18:01:55+02:00\">24. Juli 2015<\/time><\/div><h2 class=\"wp-block-post-title has-large-font-size\"><a href=\"https:\/\/compendion.net\/everyneedfulthing\/s01e00\" target=\"_self\" >ENT s01e00 Every Needful Thing<\/a><\/h2><div class=\"wp-block-post-excerpt\"><p class=\"wp-block-post-excerpt__excerpt\">Arne und Kai stellen jede Folge ein Ger\u00e4t vor, das f\u00fcr seinen Zweck genau das richtige tut. Kurz und knackig.<\/p><p class=\"wp-block-post-excerpt__more-text\"><a class=\"wp-block-post-excerpt__more-link\" href=\"https:\/\/compendion.net\/everyneedfulthing\/s01e00\">Zur Episode<\/a><\/p><\/div><\/div><\/li><\/ul><\/div><\/div>","protected":false},"excerpt":{"rendered":"<p>Alle Episoden Episoden Die neuesten ver\u00f6ffentlichten Podcast-Folgen dieser Website.<\/p>\n","protected":false},"author":1,"featured_media":0,"parent":0,"menu_order":0,"comment_status":"closed","ping_status":"closed","template":"","meta":{"footnotes":""},"class_list":["post-261","page","type-page","status-publish","hentry"],"yoast_head":"<!-- This site is optimized with the Yoast SEO plugin v27.4 - https:\/\/yoast.com\/product\/yoast-seo-wordpress\/ -->\n<title>Episoden - Every Needful Thing<\/title>\n<meta name=\"robots\" content=\"index, follow, max-snippet:-1, max-image-preview:large, max-video-preview:-1\" \/>\n<link rel=\"canonical\" href=\"https:\/\/compendion.net\/everyneedfulthing\/episodes\" \/>\n<meta property=\"og:locale\" content=\"de_DE\" \/>\n<meta property=\"og:type\" content=\"article\" \/>\n<meta property=\"og:title\" content=\"Episoden - Every Needful Thing\" \/>\n<meta property=\"og:description\" content=\"Alle Episoden Episoden Die neuesten ver\u00f6ffentlichten Podcast-Folgen dieser Website.\" \/>\n<meta property=\"og:url\" content=\"https:\/\/compendion.net\/everyneedfulthing\/episodes\" \/>\n<meta property=\"og:site_name\" content=\"Every Needful Thing\" \/>\n<meta name=\"twitter:card\" content=\"summary_large_image\" \/>\n<script type=\"application\/ld+json\" class=\"yoast-schema-graph\">{\"@context\":\"https:\\\/\\\/schema.org\",\"@graph\":[{\"@type\":\"WebPage\",\"@id\":\"https:\\\/\\\/compendion.net\\\/everyneedfulthing\\\/episodes\",\"url\":\"https:\\\/\\\/compendion.net\\\/everyneedfulthing\\\/episodes\",\"name\":\"Episoden - Every Needful Thing\",\"isPartOf\":{\"@id\":\"https:\\\/\\\/compendion.net\\\/everyneedfulthing\\\/#website\"},\"datePublished\":\"2026-04-24T08:14:07+00:00\",\"breadcrumb\":{\"@id\":\"https:\\\/\\\/compendion.net\\\/everyneedfulthing\\\/episodes#breadcrumb\"},\"inLanguage\":\"de\",\"potentialAction\":[{\"@type\":\"ReadAction\",\"target\":[\"https:\\\/\\\/compendion.net\\\/everyneedfulthing\\\/episodes\"]}]},{\"@type\":\"BreadcrumbList\",\"@id\":\"https:\\\/\\\/compendion.net\\\/everyneedfulthing\\\/episodes#breadcrumb\",\"itemListElement\":[{\"@type\":\"ListItem\",\"position\":1,\"name\":\"Startseite\",\"item\":\"https:\\\/\\\/compendion.net\\\/everyneedfulthing\"},{\"@type\":\"ListItem\",\"position\":2,\"name\":\"Episoden\"}]},{\"@type\":\"WebSite\",\"@id\":\"https:\\\/\\\/compendion.net\\\/everyneedfulthing\\\/#website\",\"url\":\"https:\\\/\\\/compendion.net\\\/everyneedfulthing\\\/\",\"name\":\"Every Needful Thing\",\"description\":\"Der Podcast \u00fcber das Perfekte Ger\u00e4t\",\"publisher\":{\"@id\":\"https:\\\/\\\/compendion.net\\\/everyneedfulthing\\\/#organization\"},\"potentialAction\":[{\"@type\":\"SearchAction\",\"target\":{\"@type\":\"EntryPoint\",\"urlTemplate\":\"https:\\\/\\\/compendion.net\\\/everyneedfulthing\\\/?s={search_term_string}\"},\"query-input\":{\"@type\":\"PropertyValueSpecification\",\"valueRequired\":true,\"valueName\":\"search_term_string\"}}],\"inLanguage\":\"de\"},{\"@type\":\"Organization\",\"@id\":\"https:\\\/\\\/compendion.net\\\/everyneedfulthing\\\/#organization\",\"name\":\"Every Needful Thing\",\"url\":\"https:\\\/\\\/compendion.net\\\/everyneedfulthing\\\/\",\"logo\":{\"@type\":\"ImageObject\",\"inLanguage\":\"de\",\"@id\":\"https:\\\/\\\/compendion.net\\\/everyneedfulthing\\\/#\\\/schema\\\/logo\\\/image\\\/\",\"url\":\"https:\\\/\\\/compendion.net\\\/everyneedfulthing\\\/wp-content\\\/uploads\\\/sites\\\/4\\\/2015\\\/07\\\/compendion-ENT3-1400.png\",\"contentUrl\":\"https:\\\/\\\/compendion.net\\\/everyneedfulthing\\\/wp-content\\\/uploads\\\/sites\\\/4\\\/2015\\\/07\\\/compendion-ENT3-1400.png\",\"width\":1400,\"height\":1400,\"caption\":\"Every Needful Thing\"},\"image\":{\"@id\":\"https:\\\/\\\/compendion.net\\\/everyneedfulthing\\\/#\\\/schema\\\/logo\\\/image\\\/\"}}]}<\/script>\n<!-- \/ Yoast SEO plugin. -->","yoast_head_json":{"title":"Episoden - Every Needful Thing","robots":{"index":"index","follow":"follow","max-snippet":"max-snippet:-1","max-image-preview":"max-image-preview:large","max-video-preview":"max-video-preview:-1"},"canonical":"https:\/\/compendion.net\/everyneedfulthing\/episodes","og_locale":"de_DE","og_type":"article","og_title":"Episoden - Every Needful Thing","og_description":"Alle Episoden Episoden Die neuesten ver\u00f6ffentlichten Podcast-Folgen dieser Website.","og_url":"https:\/\/compendion.net\/everyneedfulthing\/episodes","og_site_name":"Every Needful Thing","twitter_card":"summary_large_image","schema":{"@context":"https:\/\/schema.org","@graph":[{"@type":"WebPage","@id":"https:\/\/compendion.net\/everyneedfulthing\/episodes","url":"https:\/\/compendion.net\/everyneedfulthing\/episodes","name":"Episoden - Every Needful Thing","isPartOf":{"@id":"https:\/\/compendion.net\/everyneedfulthing\/#website"},"datePublished":"2026-04-24T08:14:07+00:00","breadcrumb":{"@id":"https:\/\/compendion.net\/everyneedfulthing\/episodes#breadcrumb"},"inLanguage":"de","potentialAction":[{"@type":"ReadAction","target":["https:\/\/compendion.net\/everyneedfulthing\/episodes"]}]},{"@type":"BreadcrumbList","@id":"https:\/\/compendion.net\/everyneedfulthing\/episodes#breadcrumb","itemListElement":[{"@type":"ListItem","position":1,"name":"Startseite","item":"https:\/\/compendion.net\/everyneedfulthing"},{"@type":"ListItem","position":2,"name":"Episoden"}]},{"@type":"WebSite","@id":"https:\/\/compendion.net\/everyneedfulthing\/#website","url":"https:\/\/compendion.net\/everyneedfulthing\/","name":"Every Needful Thing","description":"Der Podcast \u00fcber das Perfekte Ger\u00e4t","publisher":{"@id":"https:\/\/compendion.net\/everyneedfulthing\/#organization"},"potentialAction":[{"@type":"SearchAction","target":{"@type":"EntryPoint","urlTemplate":"https:\/\/compendion.net\/everyneedfulthing\/?s={search_term_string}"},"query-input":{"@type":"PropertyValueSpecification","valueRequired":true,"valueName":"search_term_string"}}],"inLanguage":"de"},{"@type":"Organization","@id":"https:\/\/compendion.net\/everyneedfulthing\/#organization","name":"Every Needful Thing","url":"https:\/\/compendion.net\/everyneedfulthing\/","logo":{"@type":"ImageObject","inLanguage":"de","@id":"https:\/\/compendion.net\/everyneedfulthing\/#\/schema\/logo\/image\/","url":"https:\/\/compendion.net\/everyneedfulthing\/wp-content\/uploads\/sites\/4\/2015\/07\/compendion-ENT3-1400.png","contentUrl":"https:\/\/compendion.net\/everyneedfulthing\/wp-content\/uploads\/sites\/4\/2015\/07\/compendion-ENT3-1400.png","width":1400,"height":1400,"caption":"Every Needful Thing"},"image":{"@id":"https:\/\/compendion.net\/everyneedfulthing\/#\/schema\/logo\/image\/"}}]}},"jetpack_sharing_enabled":true,"_links":{"self":[{"href":"https:\/\/compendion.net\/everyneedfulthing\/wp-json\/wp\/v2\/pages\/261","targetHints":{"allow":["GET"]}}],"collection":[{"href":"https:\/\/compendion.net\/everyneedfulthing\/wp-json\/wp\/v2\/pages"}],"about":[{"href":"https:\/\/compendion.net\/everyneedfulthing\/wp-json\/wp\/v2\/types\/page"}],"author":[{"embeddable":true,"href":"https:\/\/compendion.net\/everyneedfulthing\/wp-json\/wp\/v2\/users\/1"}],"replies":[{"embeddable":true,"href":"https:\/\/compendion.net\/everyneedfulthing\/wp-json\/wp\/v2\/comments?post=261"}],"version-history":[{"count":0,"href":"https:\/\/compendion.net\/everyneedfulthing\/wp-json\/wp\/v2\/pages\/261\/revisions"}],"wp:attachment":[{"href":"https:\/\/compendion.net\/everyneedfulthing\/wp-json\/wp\/v2\/media?parent=261"}],"curies":[{"name":"wp","href":"https:\/\/api.w.org\/{rel}","templated":true}]}}